{"id":6,"date":"2017-11-15T09:40:43","date_gmt":"2017-11-15T09:40:43","guid":{"rendered":"http:\/\/zmfrepresentacoes.com\/?page_id=6"},"modified":"2020-03-25T16:39:29","modified_gmt":"2020-03-25T19:39:29","slug":"home","status":"publish","type":"page","link":"https:\/\/zmfrepresentacoes.com\/es\/","title":{"rendered":"HOME"},"content":{"rendered":"<p><div class=\"fusion-fullwidth fullwidth-box nonhundred-percent-fullwidth non-hundred-percent-height-scrolling fusion-equal-height-columns\"  style='background-color: #ffffff;background-position: center center;background-repeat: no-repeat;padding-top:50px;padding-right:50px;padding-bottom:60px;padding-left:50px;'><div class=\"fusion-builder-row fusion-row\"><div id=\"sobre\" data-animationtype=fadeInLeft data-animationduration=0.3 data-animationoffset=100% class=\"fusion-layout-column fusion_builder_column fusion_builder_column_1_2  fusion-one-half fusion-column-first fusion-animated 1_2\"  style='margin-top:15px;margin-bottom:15px;width:50%;width:calc(50% - ( ( 4% ) * 0.5 ) );margin-right: 4%;'>\n\t\t\t\t\t<div class=\"fusion-column-wrapper\" style=\"padding: 0px 0px 0px 0px;background-position:center center;background-repeat:no-repeat;-webkit-background-size:cover;-moz-background-size:cover;-o-background-size:cover;background-size:cover;\"  data-bg-url=\"\">\n\t\t\t\t\t\t<div class=\"fusion-column-content-centered\"><div class=\"fusion-column-content\"><div class=\"imageframe-align-center\"><span class=\"fusion-imageframe imageframe-none imageframe-1 hover-type-none\"><img loading=\"lazy\" decoding=\"async\" src=\"http:\/\/zmfrepresentacoes.com\/wp-content\/uploads\/2019\/08\/ZMF-LOGO-FULL-COLORIDA_retina-300x96.png\" width=\"300\" height=\"96\" alt=\"\" title=\"ZMF LOGO FULL COLORIDA_retina\" class=\"img-responsive wp-image-1970\" srcset=\"https:\/\/zmfrepresentacoes.com\/wp-content\/uploads\/2019\/08\/ZMF-LOGO-FULL-COLORIDA_retina-200x64.png 200w, https:\/\/zmfrepresentacoes.com\/wp-content\/uploads\/2019\/08\/ZMF-LOGO-FULL-COLORIDA_retina-400x128.png 400w, https:\/\/zmfrepresentacoes.com\/wp-content\/uploads\/2019\/08\/ZMF-LOGO-FULL-COLORIDA_retina.png 469w\" sizes=\"auto, (max-width: 1000px) 100vw, 300px\" \/><\/span><\/div><\/div><\/div><div class=\"fusion-clearfix\"><\/div>\n\n\t\t\t\t\t<\/div>\n\t\t\t\t<\/div><div id=\"sobre\" class=\"fusion-layout-column fusion_builder_column fusion_builder_column_1_2  fusion-one-half fusion-column-last 1_2\"  style='margin-top:15px;margin-bottom:15px;width:50%;width:calc(50% - ( ( 4% ) * 0.5 ) );'>\n\t\t\t\t\t<div class=\"fusion-column-wrapper\" style=\"padding: 0px 0px 0px 0px;background-position:center center;background-repeat:no-repeat;-webkit-background-size:cover;-moz-background-size:cover;-o-background-size:cover;background-size:cover;\"  data-bg-url=\"\">\n\t\t\t\t\t\t<div class=\"fusion-column-content-centered\"><div class=\"fusion-column-content\"><div class=\"fusion-title title fusion-title-size-three\" style=\"margin-top:15px;margin-bottom:15px;\"><h3 class=\"title-heading-left\"><h2 style=\"text-align: left;\"><span style=\"color: #aa0000;\">\u00bfQuienes Somos?<\/span><\/h2><\/h3><div class=\"title-sep-container\"><div class=\"title-sep sep-\" style=\"border-color:#5e6276;\"><\/div><\/div><\/div><div class=\"fusion-text\"><p style=\"text-align: left;\"><span style=\"color: #aa0000;\">Activa en el mercado, ZMF es una empresa de representaci\u00f3n comercial que opera en todo el pa\u00eds, centr\u00e1ndose en servir al sector industrial.<\/span><\/p>\n<p style=\"text-align: left;\"><span style=\"color: #aa0000;\">La empresa cuenta con una estructura de servicio moderna y eficiente, con un equipo de profesionales altamente calificados y experimentados en el campo de ventas y consultor\u00eda.<\/span><\/p>\n<\/div><\/div><\/div><div class=\"fusion-clearfix\"><\/div>\n\n\t\t\t\t\t<\/div>\n\t\t\t\t<\/div><\/div><\/div><div class=\"fusion-fullwidth fullwidth-box nonhundred-percent-fullwidth non-hundred-percent-height-scrolling\"  style='background-color: rgba(255,255,255,0);background-position: center center;background-repeat: no-repeat;padding-top:0px;padding-right:0px;padding-bottom:0px;padding-left:0px;'><div class=\"fusion-builder-row fusion-row\"><div  class=\"fusion-layout-column fusion_builder_column fusion_builder_column_1_1  fusion-one-full fusion-column-first fusion-column-last 1_1\"  style='margin-top:15px;margin-bottom:15px;'>\n\t\t\t\t\t<div class=\"fusion-column-wrapper\" style=\"padding: 0px 0px 0px 0px;background-position:left top;background-repeat:no-repeat;-webkit-background-size:cover;-moz-background-size:cover;-o-background-size:cover;background-size:cover;\"  data-bg-url=\"\">\n\t\t\t\t\t\t<div class=\"fusion-sep-clear\"><\/div><div class=\"fusion-separator fusion-no-small-visibility fusion-full-width-sep sep-shadow\" style=\"background:radial-gradient(ellipse at 50% -50% , #aa0000 0px, rgba(255, 255, 255, 0) 80%) repeat scroll 0 0 rgba(0, 0, 0, 0);background:-webkit-radial-gradient(ellipse at 50% -50% , #aa0000 0px, rgba(255, 255, 255, 0) 80%) repeat scroll 0 0 rgba(0, 0, 0, 0);background:-moz-radial-gradient(ellipse at 50% -50% , #aa0000 0px, rgba(255, 255, 255, 0) 80%) repeat scroll 0 0 rgba(0, 0, 0, 0);background:-o-radial-gradient(ellipse at 50% -50% , #aa0000 0px, rgba(255, 255, 255, 0) 80%) repeat scroll 0 0 rgba(0, 0, 0, 0);margin-left: auto;margin-right: auto;margin-top:;\"><\/div><div class=\"fusion-clearfix\"><\/div>\n\n\t\t\t\t\t<\/div>\n\t\t\t\t<\/div><\/div><\/div><div class=\"fusion-fullwidth fullwidth-box nonhundred-percent-fullwidth non-hundred-percent-height-scrolling\"  style='background-color: rgba(255,255,255,0);background-position: center center;background-repeat: no-repeat;padding-right:40px;padding-left:40px;'><div class=\"fusion-builder-row fusion-row\"><div id=\"empresas\" class=\"fusion-layout-column fusion_builder_column fusion_builder_column_1_1  fusion-one-full fusion-column-first fusion-column-last 1_1\"  style='margin-top:15px;margin-bottom:15px;'>\n\t\t\t\t\t<div class=\"fusion-column-wrapper\" style=\"padding: 0px 0px 0px 0px;background-position:left top;background-repeat:no-repeat;-webkit-background-size:cover;-moz-background-size:cover;-o-background-size:cover;background-size:cover;\"  data-bg-url=\"\">\n\t\t\t\t\t\t<div class=\"fusion-title title fusion-title-center fusion-title-size-two\" style=\"margin-top:35px;margin-bottom:50px;\"><div class=\"title-sep-container title-sep-container-left\"><div class=\"title-sep sep-\" style=\"border-color:#aa0000;\"><\/div><\/div><h2 class=\"title-heading-center\">LAS EMPRESAS<\/h2><div class=\"title-sep-container title-sep-container-right\"><div class=\"title-sep sep-\" style=\"border-color:#aa0000;\"><\/div><\/div><\/div><div class=\"fusion-recent-works fusion-portfolio-element fusion-portfolio fusion-portfolio-1 fusion-portfolio-grid fusion-portfolio-paging-none fusion-portfolio-three fusion-portfolio-no_text fusion-portfolio-rollover\" data-id=\"-rw-1\" data-columns=\"three\"><style type=\"text\/css\">.fusion-portfolio-1 .fusion-portfolio-wrapper .fusion-col-spacing{padding:15px;}<\/style><div class=\"fusion-portfolio-wrapper\" id=\"fusion-portfolio-1\" data-picturesize=\"auto\" data-pages=\"0\" style=\"margin:-15px;\"><article id=\"portfolio-1-post-2048\" class=\"fusion-portfolio-post fusion-col-spacing post-2048\"><div class=\"fusion-portfolio-content-wrapper\" style=\"border:none;\"><span class=\"entry-title rich-snippet-hidden\">Equilati<\/span><span class=\"vcard rich-snippet-hidden\"><span class=\"fn\"><a href=\"https:\/\/zmfrepresentacoes.com\/es\/author\/softeam\/\" title=\"Entradas de softeam\" rel=\"author\">softeam<\/a><\/span><\/span><span class=\"updated rich-snippet-hidden\">2020-03-25T16:42:46-03:00<\/span>\n\n<div  class=\"fusion-image-wrapper\" aria-haspopup=\"true\">\n\t\n\t\n\t\t\n\t\t\t\t\t<img loading=\"lazy\" decoding=\"async\" width=\"272\" height=\"200\" src=\"https:\/\/zmfrepresentacoes.com\/wp-content\/uploads\/2020\/02\/empresa3.png\" class=\"attachment-full size-full wp-post-image\" alt=\"\" srcset=\"https:\/\/zmfrepresentacoes.com\/wp-content\/uploads\/2020\/02\/empresa3-200x147.png 200w, https:\/\/zmfrepresentacoes.com\/wp-content\/uploads\/2020\/02\/empresa3.png 272w\" sizes=\"auto, (min-width: 2200px) 100vw, (min-width: 784px) 373px, (min-width: 712px) 560px, (min-width: 640px) 712px, \" \/>\n\t\n\n\t\t<div class=\"fusion-rollover\">\n\t<div class=\"fusion-rollover-content\">\n\n\t\t\t\t\n\t\t\t\t\n\t\t\t\t\t\t\t\t\t\t\t\t<h4 class=\"fusion-rollover-title\">\n\t\t\t\t\t<a href=\"https:\/\/zmfrepresentacoes.com\/es\/empresas\/equilati\/\">\n\t\t\t\t\t\tEquilati\t\t\t\t\t<\/a>\n\t\t\t\t<\/h4>\n\t\t\t\n\t\t\t\t\t\t\t\t\n\t\t\n\t\t\t\t<a class=\"fusion-link-wrapper\" href=\"https:\/\/zmfrepresentacoes.com\/es\/empresas\/equilati\/\" aria-label=\"Equilati\"><\/a>\n\t<\/div>\n<\/div>\n\n\t\n<\/div>\n<\/div><\/article><article id=\"portfolio-1-post-2052\" class=\"fusion-portfolio-post fusion-col-spacing post-2052\"><div class=\"fusion-portfolio-content-wrapper\" style=\"border:none;\"><span class=\"entry-title rich-snippet-hidden\">Josmaq<\/span><span class=\"vcard rich-snippet-hidden\"><span class=\"fn\"><a href=\"https:\/\/zmfrepresentacoes.com\/es\/author\/softeam\/\" title=\"Entradas de softeam\" rel=\"author\">softeam<\/a><\/span><\/span><span class=\"updated rich-snippet-hidden\">2020-03-25T16:44:50-03:00<\/span>\n\n<div  class=\"fusion-image-wrapper\" aria-haspopup=\"true\">\n\t\n\t\n\t\t\n\t\t\t\t\t<img loading=\"lazy\" decoding=\"async\" width=\"272\" height=\"200\" src=\"https:\/\/zmfrepresentacoes.com\/wp-content\/uploads\/2019\/08\/empresa4.png\" class=\"attachment-full size-full wp-post-image\" alt=\"\" srcset=\"https:\/\/zmfrepresentacoes.com\/wp-content\/uploads\/2019\/08\/empresa4-200x147.png 200w, https:\/\/zmfrepresentacoes.com\/wp-content\/uploads\/2019\/08\/empresa4.png 272w\" sizes=\"auto, (min-width: 2200px) 100vw, (min-width: 784px) 373px, (min-width: 712px) 560px, (min-width: 640px) 712px, \" \/>\n\t\n\n\t\t<div class=\"fusion-rollover\">\n\t<div class=\"fusion-rollover-content\">\n\n\t\t\t\t\n\t\t\t\t\n\t\t\t\t\t\t\t\t\t\t\t\t<h4 class=\"fusion-rollover-title\">\n\t\t\t\t\t<a href=\"https:\/\/zmfrepresentacoes.com\/es\/empresas\/josmaq\/\">\n\t\t\t\t\t\tJosmaq\t\t\t\t\t<\/a>\n\t\t\t\t<\/h4>\n\t\t\t\n\t\t\t\t\t\t\t\t\n\t\t\n\t\t\t\t<a class=\"fusion-link-wrapper\" href=\"https:\/\/zmfrepresentacoes.com\/es\/empresas\/josmaq\/\" aria-label=\"Josmaq\"><\/a>\n\t<\/div>\n<\/div>\n\n\t\n<\/div>\n<\/div><\/article><article id=\"portfolio-1-post-2054\" class=\"fusion-portfolio-post fusion-col-spacing post-2054\"><div class=\"fusion-portfolio-content-wrapper\" style=\"border:none;\"><span class=\"entry-title rich-snippet-hidden\">Rob\u00f3tika<\/span><span class=\"vcard rich-snippet-hidden\"><span class=\"fn\"><a href=\"https:\/\/zmfrepresentacoes.com\/es\/author\/softeam\/\" title=\"Entradas de softeam\" rel=\"author\">softeam<\/a><\/span><\/span><span class=\"updated rich-snippet-hidden\">2020-03-25T16:44:48-03:00<\/span>\n\n<div  class=\"fusion-image-wrapper\" aria-haspopup=\"true\">\n\t\n\t\n\t\t\n\t\t\t\t\t<img loading=\"lazy\" decoding=\"async\" width=\"272\" height=\"200\" src=\"https:\/\/zmfrepresentacoes.com\/wp-content\/uploads\/2019\/08\/empresa5.png\" class=\"attachment-full size-full wp-post-image\" alt=\"\" srcset=\"https:\/\/zmfrepresentacoes.com\/wp-content\/uploads\/2019\/08\/empresa5-200x147.png 200w, https:\/\/zmfrepresentacoes.com\/wp-content\/uploads\/2019\/08\/empresa5.png 272w\" sizes=\"auto, (min-width: 2200px) 100vw, (min-width: 784px) 373px, (min-width: 712px) 560px, (min-width: 640px) 712px, \" \/>\n\t\n\n\t\t<div class=\"fusion-rollover\">\n\t<div class=\"fusion-rollover-content\">\n\n\t\t\t\t\n\t\t\t\t\n\t\t\t\t\t\t\t\t\t\t\t\t<h4 class=\"fusion-rollover-title\">\n\t\t\t\t\t<a href=\"https:\/\/zmfrepresentacoes.com\/es\/empresas\/robotika\/\">\n\t\t\t\t\t\tRob\u00f3tika\t\t\t\t\t<\/a>\n\t\t\t\t<\/h4>\n\t\t\t\n\t\t\t\t\t\t\t\t\n\t\t\n\t\t\t\t<a class=\"fusion-link-wrapper\" href=\"https:\/\/zmfrepresentacoes.com\/es\/empresas\/robotika\/\" aria-label=\"Rob\u00f3tika\"><\/a>\n\t<\/div>\n<\/div>\n\n\t\n<\/div>\n<\/div><\/article><article id=\"portfolio-1-post-2056\" class=\"fusion-portfolio-post fusion-col-spacing post-2056\"><div class=\"fusion-portfolio-content-wrapper\" style=\"border:none;\"><span class=\"entry-title rich-snippet-hidden\">Alitec<\/span><span class=\"vcard rich-snippet-hidden\"><span class=\"fn\"><a href=\"https:\/\/zmfrepresentacoes.com\/es\/author\/softeam\/\" title=\"Entradas de softeam\" rel=\"author\">softeam<\/a><\/span><\/span><span class=\"updated rich-snippet-hidden\">2020-03-25T16:44:44-03:00<\/span>\n\n<div  class=\"fusion-image-wrapper\" aria-haspopup=\"true\">\n\t\n\t\n\t\t\n\t\t\t\t\t<img loading=\"lazy\" decoding=\"async\" width=\"272\" height=\"200\" src=\"https:\/\/zmfrepresentacoes.com\/wp-content\/uploads\/2019\/08\/empresa6.jpg\" class=\"attachment-full size-full wp-post-image\" alt=\"\" srcset=\"https:\/\/zmfrepresentacoes.com\/wp-content\/uploads\/2019\/08\/empresa6-200x147.jpg 200w, https:\/\/zmfrepresentacoes.com\/wp-content\/uploads\/2019\/08\/empresa6.jpg 272w\" sizes=\"auto, (min-width: 2200px) 100vw, (min-width: 784px) 373px, (min-width: 712px) 560px, (min-width: 640px) 712px, \" \/>\n\t\n\n\t\t<div class=\"fusion-rollover\">\n\t<div class=\"fusion-rollover-content\">\n\n\t\t\t\t\n\t\t\t\t\n\t\t\t\t\t\t\t\t\t\t\t\t<h4 class=\"fusion-rollover-title\">\n\t\t\t\t\t<a href=\"https:\/\/zmfrepresentacoes.com\/es\/empresas\/alitec\/\">\n\t\t\t\t\t\tAlitec\t\t\t\t\t<\/a>\n\t\t\t\t<\/h4>\n\t\t\t\n\t\t\t\t\t\t\t\t\n\t\t\n\t\t\t\t<a class=\"fusion-link-wrapper\" href=\"https:\/\/zmfrepresentacoes.com\/es\/empresas\/alitec\/\" aria-label=\"Alitec\"><\/a>\n\t<\/div>\n<\/div>\n\n\t\n<\/div>\n<\/div><\/article><article id=\"portfolio-1-post-2058\" class=\"fusion-portfolio-post fusion-col-spacing post-2058\"><div class=\"fusion-portfolio-content-wrapper\" style=\"border:none;\"><span class=\"entry-title rich-snippet-hidden\">Qualiterme<\/span><span class=\"vcard rich-snippet-hidden\"><span class=\"fn\"><a href=\"https:\/\/zmfrepresentacoes.com\/es\/author\/softeam\/\" title=\"Entradas de softeam\" rel=\"author\">softeam<\/a><\/span><\/span><span class=\"updated rich-snippet-hidden\">2020-03-25T16:44:40-03:00<\/span>\n\n<div  class=\"fusion-image-wrapper\" aria-haspopup=\"true\">\n\t\n\t\n\t\t\n\t\t\t\t\t<img loading=\"lazy\" decoding=\"async\" width=\"272\" height=\"200\" src=\"https:\/\/zmfrepresentacoes.com\/wp-content\/uploads\/2019\/08\/empresa7.png\" class=\"attachment-full size-full wp-post-image\" alt=\"\" srcset=\"https:\/\/zmfrepresentacoes.com\/wp-content\/uploads\/2019\/08\/empresa7-200x147.png 200w, https:\/\/zmfrepresentacoes.com\/wp-content\/uploads\/2019\/08\/empresa7.png 272w\" sizes=\"auto, (min-width: 2200px) 100vw, (min-width: 784px) 373px, (min-width: 712px) 560px, (min-width: 640px) 712px, \" \/>\n\t\n\n\t\t<div class=\"fusion-rollover\">\n\t<div class=\"fusion-rollover-content\">\n\n\t\t\t\t\n\t\t\t\t\n\t\t\t\t\t\t\t\t\t\t\t\t<h4 class=\"fusion-rollover-title\">\n\t\t\t\t\t<a href=\"https:\/\/zmfrepresentacoes.com\/es\/empresas\/qualiterme\/\">\n\t\t\t\t\t\tQualiterme\t\t\t\t\t<\/a>\n\t\t\t\t<\/h4>\n\t\t\t\n\t\t\t\t\t\t\t\t\n\t\t\n\t\t\t\t<a class=\"fusion-link-wrapper\" href=\"https:\/\/zmfrepresentacoes.com\/es\/empresas\/qualiterme\/\" aria-label=\"Qualiterme\"><\/a>\n\t<\/div>\n<\/div>\n\n\t\n<\/div>\n<\/div><\/article><article id=\"portfolio-1-post-2079\" class=\"fusion-portfolio-post fusion-col-spacing post-2079\"><div class=\"fusion-portfolio-content-wrapper\" style=\"border:none;\"><span class=\"entry-title rich-snippet-hidden\">Milainox<\/span><span class=\"vcard rich-snippet-hidden\"><span class=\"fn\"><a href=\"https:\/\/zmfrepresentacoes.com\/es\/author\/softeam\/\" title=\"Entradas de softeam\" rel=\"author\">softeam<\/a><\/span><\/span><span class=\"updated rich-snippet-hidden\">2020-03-25T16:44:30-03:00<\/span>\n\n<div  class=\"fusion-image-wrapper\" aria-haspopup=\"true\">\n\t\n\t\n\t\t\n\t\t\t\t\t<img loading=\"lazy\" decoding=\"async\" width=\"272\" height=\"200\" src=\"https:\/\/zmfrepresentacoes.com\/wp-content\/uploads\/2019\/08\/empresa8-1.png\" class=\"attachment-full size-full wp-post-image\" alt=\"\" srcset=\"https:\/\/zmfrepresentacoes.com\/wp-content\/uploads\/2019\/08\/empresa8-1-200x147.png 200w, https:\/\/zmfrepresentacoes.com\/wp-content\/uploads\/2019\/08\/empresa8-1.png 272w\" sizes=\"auto, (min-width: 2200px) 100vw, (min-width: 784px) 373px, (min-width: 712px) 560px, (min-width: 640px) 712px, \" \/>\n\t\n\n\t\t<div class=\"fusion-rollover\">\n\t<div class=\"fusion-rollover-content\">\n\n\t\t\t\t\n\t\t\t\t\n\t\t\t\t\t\t\t\t\t\t\t\t<h4 class=\"fusion-rollover-title\">\n\t\t\t\t\t<a href=\"https:\/\/zmfrepresentacoes.com\/es\/empresas\/milainox\/\">\n\t\t\t\t\t\tMilainox\t\t\t\t\t<\/a>\n\t\t\t\t<\/h4>\n\t\t\t\n\t\t\t\t\t\t\t\t\n\t\t\n\t\t\t\t<a class=\"fusion-link-wrapper\" href=\"https:\/\/zmfrepresentacoes.com\/es\/empresas\/milainox\/\" aria-label=\"Milainox\"><\/a>\n\t<\/div>\n<\/div>\n\n\t\n<\/div>\n<\/div><\/article><article id=\"portfolio-1-post-2082\" class=\"fusion-portfolio-post fusion-col-spacing post-2082\"><div class=\"fusion-portfolio-content-wrapper\" style=\"border:none;\"><span class=\"entry-title rich-snippet-hidden\">Multipet<\/span><span class=\"vcard rich-snippet-hidden\"><span class=\"fn\"><a href=\"https:\/\/zmfrepresentacoes.com\/es\/author\/softeam\/\" title=\"Entradas de softeam\" rel=\"author\">softeam<\/a><\/span><\/span><span class=\"updated rich-snippet-hidden\">2020-03-25T16:43:58-03:00<\/span>\n\n<div  class=\"fusion-image-wrapper\" aria-haspopup=\"true\">\n\t\n\t\n\t\t\n\t\t\t\t\t<img loading=\"lazy\" decoding=\"async\" width=\"272\" height=\"200\" src=\"https:\/\/zmfrepresentacoes.com\/wp-content\/uploads\/2019\/08\/empresa10-1.jpg\" class=\"attachment-full size-full wp-post-image\" alt=\"\" srcset=\"https:\/\/zmfrepresentacoes.com\/wp-content\/uploads\/2019\/08\/empresa10-1-200x147.jpg 200w, https:\/\/zmfrepresentacoes.com\/wp-content\/uploads\/2019\/08\/empresa10-1.jpg 272w\" sizes=\"auto, (min-width: 2200px) 100vw, (min-width: 784px) 373px, (min-width: 712px) 560px, (min-width: 640px) 712px, \" \/>\n\t\n\n\t\t<div class=\"fusion-rollover\">\n\t<div class=\"fusion-rollover-content\">\n\n\t\t\t\t\n\t\t\t\t\n\t\t\t\t\t\t\t\t\t\t\t\t<h4 class=\"fusion-rollover-title\">\n\t\t\t\t\t<a href=\"https:\/\/zmfrepresentacoes.com\/es\/empresas\/multipet\/\">\n\t\t\t\t\t\tMultipet\t\t\t\t\t<\/a>\n\t\t\t\t<\/h4>\n\t\t\t\n\t\t\t\t\t\t\t\t\n\t\t\n\t\t\t\t<a class=\"fusion-link-wrapper\" href=\"https:\/\/zmfrepresentacoes.com\/es\/empresas\/multipet\/\" aria-label=\"Multipet\"><\/a>\n\t<\/div>\n<\/div>\n\n\t\n<\/div>\n<\/div><\/article><article id=\"portfolio-1-post-2042\" class=\"fusion-portfolio-post fusion-col-spacing post-2042\"><div class=\"fusion-portfolio-content-wrapper\" style=\"border:none;\"><span class=\"entry-title rich-snippet-hidden\">Hiper Centrifugation<\/span><span class=\"vcard rich-snippet-hidden\"><span class=\"fn\"><a href=\"https:\/\/zmfrepresentacoes.com\/es\/author\/softeam\/\" title=\"Entradas de softeam\" rel=\"author\">softeam<\/a><\/span><\/span><span class=\"updated rich-snippet-hidden\">2020-03-25T16:43:16-03:00<\/span>\n\n<div  class=\"fusion-image-wrapper\" aria-haspopup=\"true\">\n\t\n\t\n\t\t\n\t\t\t\t\t<img loading=\"lazy\" decoding=\"async\" width=\"272\" height=\"200\" src=\"https:\/\/zmfrepresentacoes.com\/wp-content\/uploads\/2019\/08\/empesa9.png\" class=\"attachment-full size-full wp-post-image\" alt=\"\" srcset=\"https:\/\/zmfrepresentacoes.com\/wp-content\/uploads\/2019\/08\/empesa9-200x147.png 200w, https:\/\/zmfrepresentacoes.com\/wp-content\/uploads\/2019\/08\/empesa9.png 272w\" sizes=\"auto, (min-width: 2200px) 100vw, (min-width: 784px) 373px, (min-width: 712px) 560px, (min-width: 640px) 712px, \" \/>\n\t\n\n\t\t<div class=\"fusion-rollover\">\n\t<div class=\"fusion-rollover-content\">\n\n\t\t\t\t\n\t\t\t\t\n\t\t\t\t\t\t\t\t\t\t\t\t<h4 class=\"fusion-rollover-title\">\n\t\t\t\t\t<a href=\"https:\/\/zmfrepresentacoes.com\/es\/empresas\/hiper-centrifugation\/\">\n\t\t\t\t\t\tHiper Centrifugation\t\t\t\t\t<\/a>\n\t\t\t\t<\/h4>\n\t\t\t\n\t\t\t\t\t\t\t\t\n\t\t\n\t\t\t\t<a class=\"fusion-link-wrapper\" href=\"https:\/\/zmfrepresentacoes.com\/es\/empresas\/hiper-centrifugation\/\" aria-label=\"Hiper Centrifugation\"><\/a>\n\t<\/div>\n<\/div>\n\n\t\n<\/div>\n<\/div><\/article><article id=\"portfolio-1-post-2044\" class=\"fusion-portfolio-post fusion-col-spacing post-2044\"><div class=\"fusion-portfolio-content-wrapper\" style=\"border:none;\"><span class=\"entry-title rich-snippet-hidden\">J.G.<\/span><span class=\"vcard rich-snippet-hidden\"><span class=\"fn\"><a href=\"https:\/\/zmfrepresentacoes.com\/es\/author\/softeam\/\" title=\"Entradas de softeam\" rel=\"author\">softeam<\/a><\/span><\/span><span class=\"updated rich-snippet-hidden\">2020-03-25T16:43:01-03:00<\/span>\n\n<div  class=\"fusion-image-wrapper\" aria-haspopup=\"true\">\n\t\n\t\n\t\t\n\t\t\t\t\t<img loading=\"lazy\" decoding=\"async\" width=\"272\" height=\"200\" src=\"https:\/\/zmfrepresentacoes.com\/wp-content\/uploads\/2019\/08\/empresa1.png\" class=\"attachment-full size-full wp-post-image\" alt=\"\" srcset=\"https:\/\/zmfrepresentacoes.com\/wp-content\/uploads\/2019\/08\/empresa1-200x147.png 200w, https:\/\/zmfrepresentacoes.com\/wp-content\/uploads\/2019\/08\/empresa1.png 272w\" sizes=\"auto, (min-width: 2200px) 100vw, (min-width: 784px) 373px, (min-width: 712px) 560px, (min-width: 640px) 712px, \" \/>\n\t\n\n\t\t<div class=\"fusion-rollover\">\n\t<div class=\"fusion-rollover-content\">\n\n\t\t\t\t\n\t\t\t\t\n\t\t\t\t\t\t\t\t\t\t\t\t<h4 class=\"fusion-rollover-title\">\n\t\t\t\t\t<a href=\"https:\/\/zmfrepresentacoes.com\/es\/empresas\/jg\/\">\n\t\t\t\t\t\tJ.G.\t\t\t\t\t<\/a>\n\t\t\t\t<\/h4>\n\t\t\t\n\t\t\t\t\t\t\t\t\n\t\t\n\t\t\t\t<a class=\"fusion-link-wrapper\" href=\"https:\/\/zmfrepresentacoes.com\/es\/empresas\/jg\/\" aria-label=\"J.G.\"><\/a>\n\t<\/div>\n<\/div>\n\n\t\n<\/div>\n<\/div><\/article><article id=\"portfolio-1-post-2046\" class=\"fusion-portfolio-post fusion-col-spacing post-2046\"><div class=\"fusion-portfolio-content-wrapper\" style=\"border:none;\"><span class=\"entry-title rich-snippet-hidden\">Taimak<\/span><span class=\"vcard rich-snippet-hidden\"><span class=\"fn\"><a href=\"https:\/\/zmfrepresentacoes.com\/es\/author\/softeam\/\" title=\"Entradas de softeam\" rel=\"author\">softeam<\/a><\/span><\/span><span class=\"updated rich-snippet-hidden\">2020-03-25T16:42:54-03:00<\/span>\n\n<div  class=\"fusion-image-wrapper\" aria-haspopup=\"true\">\n\t\n\t\n\t\t\n\t\t\t\t\t<img loading=\"lazy\" decoding=\"async\" width=\"272\" height=\"200\" src=\"https:\/\/zmfrepresentacoes.com\/wp-content\/uploads\/2019\/08\/empresa2.png\" class=\"attachment-full size-full wp-post-image\" alt=\"\" srcset=\"https:\/\/zmfrepresentacoes.com\/wp-content\/uploads\/2019\/08\/empresa2-200x147.png 200w, https:\/\/zmfrepresentacoes.com\/wp-content\/uploads\/2019\/08\/empresa2.png 272w\" sizes=\"auto, (min-width: 2200px) 100vw, (min-width: 784px) 373px, (min-width: 712px) 560px, (min-width: 640px) 712px, \" \/>\n\t\n\n\t\t<div class=\"fusion-rollover\">\n\t<div class=\"fusion-rollover-content\">\n\n\t\t\t\t\n\t\t\t\t\n\t\t\t\t\t\t\t\t\t\t\t\t<h4 class=\"fusion-rollover-title\">\n\t\t\t\t\t<a href=\"https:\/\/zmfrepresentacoes.com\/es\/empresas\/taimak\/\">\n\t\t\t\t\t\tTaimak\t\t\t\t\t<\/a>\n\t\t\t\t<\/h4>\n\t\t\t\n\t\t\t\t\t\t\t\t\n\t\t\n\t\t\t\t<a class=\"fusion-link-wrapper\" href=\"https:\/\/zmfrepresentacoes.com\/es\/empresas\/taimak\/\" aria-label=\"Taimak\"><\/a>\n\t<\/div>\n<\/div>\n\n\t\n<\/div>\n<\/div><\/article><\/div><\/div><div class=\"fusion-clearfix\"><\/div>\n\n\t\t\t\t\t<\/div>\n\t\t\t\t<\/div><\/div><\/div><\/p>","protected":false},"excerpt":{"rendered":"","protected":false},"author":1,"featured_media":0,"parent":0,"menu_order":0,"comment_status":"closed","ping_status":"closed","template":"100-width.php","meta":{"footnotes":""},"class_list":["post-6","page","type-page","status-publish","hentry"],"_links":{"self":[{"href":"https:\/\/zmfrepresentacoes.com\/es\/wp-json\/wp\/v2\/pages\/6","targetHints":{"allow":["GET"]}}],"collection":[{"href":"https:\/\/zmfrepresentacoes.com\/es\/wp-json\/wp\/v2\/pages"}],"about":[{"href":"https:\/\/zmfrepresentacoes.com\/es\/wp-json\/wp\/v2\/types\/page"}],"author":[{"embeddable":true,"href":"https:\/\/zmfrepresentacoes.com\/es\/wp-json\/wp\/v2\/users\/1"}],"replies":[{"embeddable":true,"href":"https:\/\/zmfrepresentacoes.com\/es\/wp-json\/wp\/v2\/comments?post=6"}],"version-history":[{"count":77,"href":"https:\/\/zmfrepresentacoes.com\/es\/wp-json\/wp\/v2\/pages\/6\/revisions"}],"predecessor-version":[{"id":2194,"href":"https:\/\/zmfrepresentacoes.com\/es\/wp-json\/wp\/v2\/pages\/6\/revisions\/2194"}],"wp:attachment":[{"href":"https:\/\/zmfrepresentacoes.com\/es\/wp-json\/wp\/v2\/media?parent=6"}],"curies":[{"name":"wp","href":"https:\/\/api.w.org\/{rel}","templated":true}]}}